{"id":146,"date":"2019-07-10T08:14:32","date_gmt":"2019-07-10T06:14:32","guid":{"rendered":"http:\/\/warmuptofever.org\/?page_id=146"},"modified":"2025-07-30T12:15:33","modified_gmt":"2025-07-30T10:15:33","slug":"home","status":"publish","type":"page","link":"https:\/\/warmuptofever.org\/?page_id=146&lang=de","title":{"rendered":"Home"},"content":{"rendered":"\t\t<div data-elementor-type=\"wp-post\" data-elementor-id=\"146\" class=\"elementor elementor-146\" data-elementor-post-type=\"page\">\n\t\t\t\t\t\t<section class=\"elementor-section elementor-top-section elementor-element elementor-element-53076ec elementor-section-boxed elementor-section-height-default elementor-section-height-default\" data-id=\"53076ec\" data-element_type=\"section\">\n\t\t\t\t\t\t<div class=\"elementor-container elementor-column-gap-default\">\n\t\t\t\t\t<div class=\"elementor-column elementor-col-33 elementor-top-column elementor-element elementor-element-3a97b9f\" data-id=\"3a97b9f\" data-element_type=\"column\">\n\t\t\t<div class=\"elementor-widget-wrap elementor-element-populated\">\n\t\t\t\t\t\t<div class=\"elementor-element elementor-element-9f00c81 elementor-hidden-tablet elementor-hidden-phone elementor-widget elementor-widget-spacer\" data-id=\"9f00c81\" data-element_type=\"widget\" data-widget_type=\"spacer.default\">\n\t\t\t\t<div class=\"elementor-widget-container\">\n\t\t\t\t\t\t\t<div class=\"elementor-spacer\">\n\t\t\t<div class=\"elementor-spacer-inner\"><\/div>\n\t\t<\/div>\n\t\t\t\t\t\t<\/div>\n\t\t\t\t<\/div>\n\t\t\t\t<div class=\"elementor-element elementor-element-bc14539 elementor-hidden-desktop elementor-widget elementor-widget-video\" data-id=\"bc14539\" data-element_type=\"widget\" data-settings=\"{&quot;youtube_url&quot;:&quot;https:\\\/\\\/www.youtube.com\\\/watch?v=iVURD9lmteU&quot;,&quot;yt_privacy&quot;:&quot;yes&quot;,&quot;video_type&quot;:&quot;youtube&quot;,&quot;controls&quot;:&quot;yes&quot;}\" data-widget_type=\"video.default\">\n\t\t\t\t<div class=\"elementor-widget-container\">\n\t\t\t\t\t\t\t<div class=\"elementor-wrapper elementor-open-inline\">\n\t\t\t<div class=\"elementor-video\"><\/div>\t\t<\/div>\n\t\t\t\t\t\t<\/div>\n\t\t\t\t<\/div>\n\t\t\t\t<div class=\"elementor-element elementor-element-d6f4cb7 elementor-widget elementor-widget-heading\" data-id=\"d6f4cb7\" data-element_type=\"widget\" data-widget_type=\"heading.default\">\n\t\t\t\t<div class=\"elementor-widget-container\">\n\t\t\t\t\t<h2 class=\"elementor-heading-title elementor-size-default\">Was tun bei Fieber? <\/h2>\t\t\t\t<\/div>\n\t\t\t\t<\/div>\n\t\t\t\t<div class=\"elementor-element elementor-element-2aac0f8 elementor-widget elementor-widget-heading\" data-id=\"2aac0f8\" data-element_type=\"widget\" data-widget_type=\"heading.default\">\n\t\t\t\t<div class=\"elementor-widget-container\">\n\t\t\t\t\t<h2 class=\"elementor-heading-title elementor-size-default\">- Prof. Dr. David Martin\u200b<\/h2>\t\t\t\t<\/div>\n\t\t\t\t<\/div>\n\t\t\t\t<div class=\"elementor-element elementor-element-1f6d2dc elementor-widget elementor-widget-text-editor\" data-id=\"1f6d2dc\" data-element_type=\"widget\" data-widget_type=\"text-editor.default\">\n\t\t\t\t<div class=\"elementor-widget-container\">\n\t\t\t\t\t\t\t\t\t<p>Liebe Eltern,<br \/><span style=\"font-size: 16px;\">jedes gesunde Kind bekommt von Zeit zu Zeit eine fieberhafte Krankheit. Dennoch f\u00fchlen sich viele Eltern mit einem fiebrigen Kind unsicher oder haben Angst. Aber was genau ist mit Fieber gemeint, was k\u00f6nnen Sie tun und was ist wichtig?\u00a0<br \/><\/span>Lange Jahre wurde Fieber als Gefahr angesehen, die streng unterdr\u00fcckt werden sollte. Heute \u00e4ndert sich diese Haltung. Studien zeigen inzwischen deutlich, dass Fieber eine hoch wirksame Antwort des K\u00f6rpers ist, um Viren und Bakterien zu bek\u00e4mpfen.<\/p>\t\t\t\t\t\t\t\t<\/div>\n\t\t\t\t<\/div>\n\t\t\t\t\t<\/div>\n\t\t<\/div>\n\t\t\t\t<div class=\"elementor-column elementor-col-33 elementor-top-column elementor-element elementor-element-5cff1b9 elementor-hidden-tablet elementor-hidden-phone\" data-id=\"5cff1b9\" data-element_type=\"column\">\n\t\t\t<div class=\"elementor-widget-wrap\">\n\t\t\t\t\t\t\t<\/div>\n\t\t<\/div>\n\t\t\t\t<div class=\"elementor-column elementor-col-33 elementor-top-column elementor-element elementor-element-27f3ea2 elementor-hidden-tablet elementor-hidden-phone\" data-id=\"27f3ea2\" data-element_type=\"column\">\n\t\t\t<div class=\"elementor-widget-wrap elementor-element-populated\">\n\t\t\t\t\t\t<div class=\"elementor-element elementor-element-4e7cbc0 elementor-widget elementor-widget-spacer\" data-id=\"4e7cbc0\" data-element_type=\"widget\" data-widget_type=\"spacer.default\">\n\t\t\t\t<div class=\"elementor-widget-container\">\n\t\t\t\t\t\t\t<div class=\"elementor-spacer\">\n\t\t\t<div class=\"elementor-spacer-inner\"><\/div>\n\t\t<\/div>\n\t\t\t\t\t\t<\/div>\n\t\t\t\t<\/div>\n\t\t\t\t<div class=\"elementor-element elementor-element-16ed4a5 elementor-hidden-tablet elementor-hidden-phone elementor-widget elementor-widget-video\" data-id=\"16ed4a5\" data-element_type=\"widget\" data-settings=\"{&quot;youtube_url&quot;:&quot;https:\\\/\\\/www.youtube.com\\\/watch?v=iVURD9lmteU&quot;,&quot;yt_privacy&quot;:&quot;yes&quot;,&quot;lazy_load&quot;:&quot;yes&quot;,&quot;show_image_overlay&quot;:&quot;yes&quot;,&quot;image_overlay&quot;:{&quot;url&quot;:&quot;https:\\\/\\\/warmuptofever.org\\\/wp-content\\\/uploads\\\/2022\\\/11\\\/Bildschirmfoto-2022-11-29-um-08.08.00.png&quot;,&quot;id&quot;:734,&quot;size&quot;:&quot;&quot;,&quot;alt&quot;:&quot;&quot;,&quot;source&quot;:&quot;library&quot;},&quot;video_type&quot;:&quot;youtube&quot;,&quot;controls&quot;:&quot;yes&quot;}\" data-widget_type=\"video.default\">\n\t\t\t\t<div class=\"elementor-widget-container\">\n\t\t\t\t\t\t\t<div class=\"elementor-wrapper elementor-open-inline\">\n\t\t\t<div class=\"elementor-video\"><\/div>\t\t\t\t<div class=\"elementor-custom-embed-image-overlay\" style=\"background-image: url(https:\/\/warmuptofever.org\/wp-content\/uploads\/2022\/11\/Bildschirmfoto-2022-11-29-um-08.08.00.png);\">\n\t\t\t\t\t\t\t\t\t\t\t\t\t\t<\/div>\n\t\t\t\t\t<\/div>\n\t\t\t\t\t\t<\/div>\n\t\t\t\t<\/div>\n\t\t\t\t\t<\/div>\n\t\t<\/div>\n\t\t\t\t\t<\/div>\n\t\t<\/section>\n\t\t\t\t<section class=\"elementor-section elementor-top-section elementor-element elementor-element-c705406 elementor-section-boxed elementor-section-height-default elementor-section-height-default\" data-id=\"c705406\" data-element_type=\"section\">\n\t\t\t\t\t\t<div class=\"elementor-container elementor-column-gap-default\">\n\t\t\t\t\t<div class=\"elementor-column elementor-col-100 elementor-top-column elementor-element elementor-element-78f96ed\" data-id=\"78f96ed\" data-element_type=\"column\">\n\t\t\t<div class=\"elementor-widget-wrap elementor-element-populated\">\n\t\t\t\t\t\t<div class=\"elementor-element elementor-element-3c941e6 elementor-widget elementor-widget-text-editor\" data-id=\"3c941e6\" data-element_type=\"widget\" data-widget_type=\"text-editor.default\">\n\t\t\t\t<div class=\"elementor-widget-container\">\n\t\t\t\t\t\t\t\t\tDer Kinderarzt Prof. Dr. med. David Martin beantwortet die wichtigsten Fragen zum Thema Fieber und bringt die Gesichtspunkte der Integrativen Medizin in Zusammenhang der aktuellen Fieberforschung.\t\t\t\t\t\t\t\t<\/div>\n\t\t\t\t<\/div>\n\t\t\t\t<div class=\"elementor-element elementor-element-e2c4819 elementor-widget elementor-widget-heading\" data-id=\"e2c4819\" data-element_type=\"widget\" data-widget_type=\"heading.default\">\n\t\t\t\t<div class=\"elementor-widget-container\">\n\t\t\t\t\t<h2 class=\"elementor-heading-title elementor-size-default\">Videos zum Thema Fieber<\/h2>\t\t\t\t<\/div>\n\t\t\t\t<\/div>\n\t\t\t\t<div class=\"elementor-element elementor-element-38986e4 elementor-widget elementor-widget-heading\" data-id=\"38986e4\" data-element_type=\"widget\" data-widget_type=\"heading.default\">\n\t\t\t\t<div class=\"elementor-widget-container\">\n\t\t\t\t\t<h2 class=\"elementor-heading-title elementor-size-default\">Prof. Dr. David Martin beantwortet Fragen rund um das Thema Fieber<\/h2>\t\t\t\t<\/div>\n\t\t\t\t<\/div>\n\t\t\t\t\t<\/div>\n\t\t<\/div>\n\t\t\t\t\t<\/div>\n\t\t<\/section>\n\t\t\t\t<section class=\"elementor-section elementor-top-section elementor-element elementor-element-8153252 elementor-section-boxed elementor-section-height-default elementor-section-height-default\" data-id=\"8153252\" data-element_type=\"section\">\n\t\t\t\t\t\t<div class=\"elementor-container elementor-column-gap-default\">\n\t\t\t\t\t<div class=\"elementor-column elementor-col-50 elementor-top-column elementor-element elementor-element-8fe1604 elementor-hidden-tablet\" data-id=\"8fe1604\" data-element_type=\"column\">\n\t\t\t<div class=\"elementor-widget-wrap elementor-element-populated\">\n\t\t\t\t\t\t<div class=\"elementor-element elementor-element-d37afdb elementor-widget elementor-widget-image\" data-id=\"d37afdb\" data-element_type=\"widget\" data-widget_type=\"image.default\">\n\t\t\t\t<div class=\"elementor-widget-container\">\n\t\t\t\t\t\t\t\t\t\t\t\t\t\t\t<img fetchpriority=\"high\" decoding=\"async\" width=\"1024\" height=\"689\" src=\"https:\/\/warmuptofever.org\/wp-content\/uploads\/2023\/01\/AdobeStock_92466395_Kind_Krank_Bett-1024x689.jpg\" class=\"attachment-large size-large wp-image-786\" alt=\"\" srcset=\"https:\/\/warmuptofever.org\/wp-content\/uploads\/2023\/01\/AdobeStock_92466395_Kind_Krank_Bett-1024x689.jpg 1024w, https:\/\/warmuptofever.org\/wp-content\/uploads\/2023\/01\/AdobeStock_92466395_Kind_Krank_Bett-300x202.jpg 300w, https:\/\/warmuptofever.org\/wp-content\/uploads\/2023\/01\/AdobeStock_92466395_Kind_Krank_Bett-768x517.jpg 768w, https:\/\/warmuptofever.org\/wp-content\/uploads\/2023\/01\/AdobeStock_92466395_Kind_Krank_Bett.jpg 1080w\" sizes=\"(max-width: 1024px) 100vw, 1024px\" \/>\t\t\t\t\t\t\t\t\t\t\t\t\t\t\t<\/div>\n\t\t\t\t<\/div>\n\t\t\t\t\t<\/div>\n\t\t<\/div>\n\t\t\t\t<div class=\"elementor-column elementor-col-50 elementor-top-column elementor-element elementor-element-fa4f814\" data-id=\"fa4f814\" data-element_type=\"column\">\n\t\t\t<div class=\"elementor-widget-wrap elementor-element-populated\">\n\t\t\t\t\t\t<div class=\"elementor-element elementor-element-2092b9f elementor-widget elementor-widget-text-editor\" data-id=\"2092b9f\" data-element_type=\"widget\" data-widget_type=\"text-editor.default\">\n\t\t\t\t<div class=\"elementor-widget-container\">\n\t\t\t\t\t\t\t\t\t<ul><li><a href=\"https:\/\/warmuptofever.org\/de\/videos\/#1\" target=\"_blank\" rel=\"noopener\">Einf\u00fchrung: Autor und Methoden<\/a><\/li><li><a href=\"https:\/\/warmuptofever.org\/de\/videos\/#2\" target=\"_blank\" rel=\"noopener\">Physische und seelische W\u00e4rme<\/a><\/li><li><a href=\"https:\/\/warmuptofever.org\/de\/videos\/#3\" target=\"_blank\" rel=\"noopener\">Immunsystem und Erkrankungsverlauf<\/a><\/li><li><a href=\"https:\/\/warmuptofever.org\/de\/videos\/#5\" target=\"_blank\" rel=\"noopener\">Gef\u00e4hrlich? Was ist Fieber?<\/a><\/li><li><a href=\"https:\/\/warmuptofever.org\/de\/videos\/#4\" target=\"_blank\" rel=\"noopener\">Wann zum Arzt?<\/a><\/li><li><a href=\"https:\/\/warmuptofever.org\/de\/videos\/#10\" target=\"_blank\" rel=\"noopener\">Fieberkr\u00e4mpfe<\/a><\/li><li><a href=\"https:\/\/warmuptofever.org\/de\/videos\/#8\" target=\"_blank\" rel=\"noopener\">W\u00e4rme statt Fiebersenkung<\/a><\/li><li><a href=\"https:\/\/warmuptofever.org\/de\/videos\/#6\" target=\"_blank\" rel=\"noopener\">Einstellung zu Fieber. Beziehung und Gesundheit<\/a><\/li><li><a href=\"https:\/\/warmuptofever.org\/de\/videos\/#7\" target=\"_blank\" rel=\"noopener\">Sch\u00fctzen fieberhafte Erkrankungen vor Allergien?<\/a><\/li><li><a href=\"https:\/\/warmuptofever.org\/de\/videos\/#9\" target=\"_blank\" rel=\"noopener\">Sch\u00fctzt Fieber vor Krebs?<\/a><\/li><\/ul>\t\t\t\t\t\t\t\t<\/div>\n\t\t\t\t<\/div>\n\t\t\t\t\t<\/div>\n\t\t<\/div>\n\t\t\t\t\t<\/div>\n\t\t<\/section>\n\t\t\t\t<section class=\"elementor-section elementor-top-section elementor-element elementor-element-9cdcee4 elementor-section-boxed elementor-section-height-default elementor-section-height-default\" data-id=\"9cdcee4\" data-element_type=\"section\">\n\t\t\t\t\t\t<div class=\"elementor-container elementor-column-gap-default\">\n\t\t\t\t\t<div class=\"elementor-column elementor-col-100 elementor-top-column elementor-element elementor-element-6641ae8\" data-id=\"6641ae8\" data-element_type=\"column\">\n\t\t\t<div class=\"elementor-widget-wrap elementor-element-populated\">\n\t\t\t\t\t\t<div class=\"elementor-element elementor-element-1fecabc elementor-widget elementor-widget-spacer\" data-id=\"1fecabc\" data-element_type=\"widget\" data-widget_type=\"spacer.default\">\n\t\t\t\t<div class=\"elementor-widget-container\">\n\t\t\t\t\t\t\t<div class=\"elementor-spacer\">\n\t\t\t<div class=\"elementor-spacer-inner\"><\/div>\n\t\t<\/div>\n\t\t\t\t\t\t<\/div>\n\t\t\t\t<\/div>\n\t\t\t\t\t<\/div>\n\t\t<\/div>\n\t\t\t\t\t<\/div>\n\t\t<\/section>\n\t\t\t\t<section class=\"elementor-section elementor-top-section elementor-element elementor-element-278be0e7 elementor-section-boxed elementor-section-height-default elementor-section-height-default\" data-id=\"278be0e7\" data-element_type=\"section\">\n\t\t\t\t\t\t<div class=\"elementor-container elementor-column-gap-default\">\n\t\t\t\t\t<div class=\"elementor-column elementor-col-100 elementor-top-column elementor-element elementor-element-4ff91bee\" data-id=\"4ff91bee\" data-element_type=\"column\">\n\t\t\t<div class=\"elementor-widget-wrap elementor-element-populated\">\n\t\t\t\t\t\t<div class=\"elementor-element elementor-element-57f44bb1 elementor-widget elementor-widget-heading\" data-id=\"57f44bb1\" data-element_type=\"widget\" data-widget_type=\"heading.default\">\n\t\t\t\t<div class=\"elementor-widget-container\">\n\t\t\t\t\t<h2 class=\"elementor-heading-title elementor-size-default\">Haftungsausschluss: <a name=\"Haftungsausschluss\"><\/a><\/h2>\t\t\t\t<\/div>\n\t\t\t\t<\/div>\n\t\t\t\t<div class=\"elementor-element elementor-element-3ce5a801 elementor-widget elementor-widget-text-editor\" data-id=\"3ce5a801\" data-element_type=\"widget\" data-widget_type=\"text-editor.default\">\n\t\t\t\t<div class=\"elementor-widget-container\">\n\t\t\t\t\t\t\t\t\t<p>Der Inhalt dieser Webseite ist kein Ersatz f\u00fcr professionelle medizinische Beratung, Diagnose oder Behandlung. Bitte konsultieren Sie immer einen qualifizierten und geeigneten medizinischen Versorger und und besprechen Sie die eventuell n\u00f6tigen Ma\u00dfnahmen mit ihm\/ihr. Sie \u00fcbernehmen die volle Verantwortung f\u00fcr die Nutzung aller Informationen auf dieser Webseite und Sie verstehen und stimmen zu, dass der Autor und seine Kooperationspartner nicht verantwortlich sind f\u00fcr irgendwelche Anspr\u00fcche, Verluste oder Sch\u00e4den, die sich aus deren Verwendung ergeben.<\/p>\t\t\t\t\t\t\t\t<\/div>\n\t\t\t\t<\/div>\n\t\t\t\t\t<\/div>\n\t\t<\/div>\n\t\t\t\t\t<\/div>\n\t\t<\/section>\n\t\t\t\t<\/div>\n\t\t","protected":false},"excerpt":{"rendered":"<p>Was tun bei Fieber? &#8211; Prof. Dr. David Martin\u200b Liebe Eltern,jedes gesunde Kind bekommt von Zeit zu Zeit eine fieberhafte Krankheit. Dennoch f\u00fchlen sich viele Eltern mit einem fiebrigen Kind unsicher oder haben Angst. Aber was genau ist mit Fieber gemeint, was k\u00f6nnen Sie tun und was ist wichtig?\u00a0Lange Jahre wurde Fieber als Gefahr angesehen, [&hellip;]<\/p>\n","protected":false},"author":1,"featured_media":0,"parent":0,"menu_order":0,"comment_status":"closed","ping_status":"closed","template":"","meta":{"ocean_post_layout":"","ocean_both_sidebars_style":"","ocean_both_sidebars_content_width":0,"ocean_both_sidebars_sidebars_width":0,"ocean_sidebar":"0","ocean_second_sidebar":"0","ocean_disable_margins":"enable","ocean_add_body_class":"","ocean_shortcode_before_top_bar":"","ocean_shortcode_after_top_bar":"","ocean_shortcode_before_header":"","ocean_shortcode_after_header":"","ocean_has_shortcode":"","ocean_shortcode_after_title":"","ocean_shortcode_before_footer_widgets":"","ocean_shortcode_after_footer_widgets":"","ocean_shortcode_before_footer_bottom":"","ocean_shortcode_after_footer_bottom":"","ocean_display_top_bar":"default","ocean_display_header":"default","ocean_header_style":"","ocean_center_header_left_menu":"0","ocean_custom_header_template":"0","ocean_custom_logo":0,"ocean_custom_retina_logo":0,"ocean_custom_logo_max_width":0,"ocean_custom_logo_tablet_max_width":0,"ocean_custom_logo_mobile_max_width":0,"ocean_custom_logo_max_height":0,"ocean_custom_logo_tablet_max_height":0,"ocean_custom_logo_mobile_max_height":0,"ocean_header_custom_menu":"0","ocean_menu_typo_font_family":"0","ocean_menu_typo_font_subset":"","ocean_menu_typo_font_size":0,"ocean_menu_typo_font_size_tablet":0,"ocean_menu_typo_font_size_mobile":0,"ocean_menu_typo_font_size_unit":"px","ocean_menu_typo_font_weight":"","ocean_menu_typo_font_weight_tablet":"","ocean_menu_typo_font_weight_mobile":"","ocean_menu_typo_transform":"","ocean_menu_typo_transform_tablet":"","ocean_menu_typo_transform_mobile":"","ocean_menu_typo_line_height":0,"ocean_menu_typo_line_height_tablet":0,"ocean_menu_typo_line_height_mobile":0,"ocean_menu_typo_line_height_unit":"","ocean_menu_typo_spacing":0,"ocean_menu_typo_spacing_tablet":0,"ocean_menu_typo_spacing_mobile":0,"ocean_menu_typo_spacing_unit":"","ocean_menu_link_color":"","ocean_menu_link_color_hover":"","ocean_menu_link_color_active":"","ocean_menu_link_background":"","ocean_menu_link_hover_background":"","ocean_menu_link_active_background":"","ocean_menu_social_links_bg":"","ocean_menu_social_hover_links_bg":"","ocean_menu_social_links_color":"","ocean_menu_social_hover_links_color":"","ocean_disable_title":"on","ocean_disable_heading":"default","ocean_post_title":"","ocean_post_subheading":"","ocean_post_title_style":"","ocean_post_title_background_color":"","ocean_post_title_background":0,"ocean_post_title_bg_image_position":"","ocean_post_title_bg_image_attachment":"","ocean_post_title_bg_image_repeat":"","ocean_post_title_bg_image_size":"","ocean_post_title_height":0,"ocean_post_title_bg_overlay":0.5,"ocean_post_title_bg_overlay_color":"","ocean_disable_breadcrumbs":"default","ocean_breadcrumbs_color":"","ocean_breadcrumbs_separator_color":"","ocean_breadcrumbs_links_color":"","ocean_breadcrumbs_links_hover_color":"","ocean_display_footer_widgets":"default","ocean_display_footer_bottom":"default","ocean_custom_footer_template":"0","footnotes":""},"class_list":["post-146","page","type-page","status-publish","hentry","entry"],"_links":{"self":[{"href":"https:\/\/warmuptofever.org\/index.php?rest_route=\/wp\/v2\/pages\/146","targetHints":{"allow":["GET"]}}],"collection":[{"href":"https:\/\/warmuptofever.org\/index.php?rest_route=\/wp\/v2\/pages"}],"about":[{"href":"https:\/\/warmuptofever.org\/index.php?rest_route=\/wp\/v2\/types\/page"}],"author":[{"embeddable":true,"href":"https:\/\/warmuptofever.org\/index.php?rest_route=\/wp\/v2\/users\/1"}],"replies":[{"embeddable":true,"href":"https:\/\/warmuptofever.org\/index.php?rest_route=%2Fwp%2Fv2%2Fcomments&post=146"}],"version-history":[{"count":10,"href":"https:\/\/warmuptofever.org\/index.php?rest_route=\/wp\/v2\/pages\/146\/revisions"}],"predecessor-version":[{"id":849,"href":"https:\/\/warmuptofever.org\/index.php?rest_route=\/wp\/v2\/pages\/146\/revisions\/849"}],"wp:attachment":[{"href":"https:\/\/warmuptofever.org\/index.php?rest_route=%2Fwp%2Fv2%2Fmedia&parent=146"}],"curies":[{"name":"wp","href":"https:\/\/api.w.org\/{rel}","templated":true}]}}