{"id":376,"date":"2019-10-23T20:04:03","date_gmt":"2019-10-23T18:04:03","guid":{"rendered":"http:\/\/warmuptofever.org\/?page_id=376"},"modified":"2022-11-24T18:19:49","modified_gmt":"2022-11-24T17:19:49","slug":"literatur","status":"publish","type":"page","link":"https:\/\/warmuptofever.org\/?page_id=376&lang=de","title":{"rendered":"Literatur"},"content":{"rendered":"\t\t<div data-elementor-type=\"wp-page\" data-elementor-id=\"376\" class=\"elementor elementor-376\" data-elementor-post-type=\"page\">\n\t\t\t\t\t\t<section class=\"elementor-section elementor-top-section elementor-element elementor-element-80f43f1 elementor-section-boxed elementor-section-height-default elementor-section-height-default\" data-id=\"80f43f1\" data-element_type=\"section\">\n\t\t\t\t\t\t<div class=\"elementor-container elementor-column-gap-default\">\n\t\t\t\t\t<div class=\"elementor-column elementor-col-100 elementor-top-column elementor-element elementor-element-7f66b3b\" data-id=\"7f66b3b\" data-element_type=\"column\">\n\t\t\t<div class=\"elementor-widget-wrap elementor-element-populated\">\n\t\t\t\t\t\t<div class=\"elementor-element elementor-element-eaa86e4 elementor-widget elementor-widget-spacer\" data-id=\"eaa86e4\" data-element_type=\"widget\" data-widget_type=\"spacer.default\">\n\t\t\t\t<div class=\"elementor-widget-container\">\n\t\t\t\t\t\t\t<div class=\"elementor-spacer\">\n\t\t\t<div class=\"elementor-spacer-inner\"><\/div>\n\t\t<\/div>\n\t\t\t\t\t\t<\/div>\n\t\t\t\t<\/div>\n\t\t\t\t<div class=\"elementor-element elementor-element-70a03cdf elementor-widget elementor-widget-heading\" data-id=\"70a03cdf\" data-element_type=\"widget\" data-widget_type=\"heading.default\">\n\t\t\t\t<div class=\"elementor-widget-container\">\n\t\t\t\t\t<h2 class=\"elementor-heading-title elementor-size-default\">Auf dieser Seite finden Sie relevante wissenschaftliche Literatur zum Thema Fieber<\/h2>\t\t\t\t<\/div>\n\t\t\t\t<\/div>\n\t\t\t\t<div class=\"elementor-element elementor-element-16beb5c elementor-widget elementor-widget-heading\" data-id=\"16beb5c\" data-element_type=\"widget\" data-widget_type=\"heading.default\">\n\t\t\t\t<div class=\"elementor-widget-container\">\n\t\t\t\t\t<h2 class=\"elementor-heading-title elementor-size-default\">- meistens direkt verlinkt auf die Originalpublikationen.\n\n<\/h2>\t\t\t\t<\/div>\n\t\t\t\t<\/div>\n\t\t\t\t<div class=\"elementor-element elementor-element-4286858 elementor-widget elementor-widget-text-editor\" data-id=\"4286858\" data-element_type=\"widget\" data-widget_type=\"text-editor.default\">\n\t\t\t\t<div class=\"elementor-widget-container\">\n\t\t\t\t\t\t\t\t\t<ul><li style=\"list-style-type: none;\"><ul><li>In diesem Artikel fragt sich die Autorin, warum so viele Menschen immer noch Angst vor Fieber haben:\u00a0<a href=\"https:\/\/www.ncbi.nlm.nih.gov\/pubmed\/26725574\">Fever phobia 35 years later: did we fail?<\/a><\/li><li>Diese Reviews\/Guidelines aus\u00a0<a href=\"https:\/\/www.nice.org.uk\/guidance\/cg160?unlid=474507149201611842221\">England<\/a>\u00a0\u00a0und\u00a0<a href=\"http:\/\/pediatrics.aappublications.org\/content\/early\/2011\/02\/28\/peds.2010-3852\">USA<\/a>\u00a0besagen unter anderem, dass es keine H\u00f6chsttemperaturen gibt, ab der man das Fieber senken muss:<\/li><li>In diesen Artikeln schaut der Autor auf eine Gemeinschaft von \u00c4rzten dessen Gesinnung zu einem positiven Umgang mit Fieber f\u00fchren, analysiert diese Gesinnung und vergleicht sie Gesinnung mit dem Stand der Wissenschaft:\u00a0<a href=\"https:\/\/www.researchgate.net\/publication\/310813767_Fever_Views_in_Anthroposophic_Medicine_and_Their_Scientific_Validity\">\u201cFever: Views in Anthroposophic Medicine and Their Scientific Validity\u201d<\/a>\u00a0und\u00a0<a href=\"https:\/\/www.thieme-connect.com\/products\/ejournals\/abstract\/10.1055\/s-0042-119762\">\u201eFieber aus anthroposophischer Sicht\u201c<\/a><\/li><li>Der Artikel\u00a0<a href=\"https:\/\/www.thieme-connect.com\/products\/ejournals\/abstract\/10.1055\/s-0043-100123\">\u201eFieberkr\u00e4mpfe: Hilft W\u00e4rme im Fieberanstieg\u201c<\/a>\u00a0gibt Auskunft \u00fcber m\u00f6gliche Handlungsalternativen bei Fieberkr\u00e4mpfen: insbesondere k\u00f6nnte es helfen, die Kinder im Fieberanstieg zu w\u00e4rmen.<\/li><li>Dieser Artikel zeigt, dass man Fieberkr\u00e4mpfe nicht mit Fiebersenkenden Mitteln vermeiden kann:\u00a0<a href=\"https:\/\/www.ncbi.nlm.nih.gov\/pubmed\/23702315\">Do antipyretics prevent the recurrence of febrile seizures in children? A systematic review of randomized controlled trials and meta-analysis<\/a><\/li><li>Dieser Artikel vergleicht die gegenw\u00e4rtige Praxis mit der Evidenz im Umgang mit Fieber:\u00a0<a href=\"https:\/\/www.ncbi.nlm.nih.gov\/pmc\/articles\/PMC4145646\/\">Fever management: Evidence vs current practice<\/a><\/li><\/ul><\/li><\/ul>\t\t\t\t\t\t\t\t<\/div>\n\t\t\t\t<\/div>\n\t\t\t\t<div class=\"elementor-element elementor-element-1e18a59 elementor-widget elementor-widget-text-editor\" data-id=\"1e18a59\" data-element_type=\"widget\" data-widget_type=\"text-editor.default\">\n\t\t\t\t<div class=\"elementor-widget-container\">\n\t\t\t\t\t\t\t\t\t<ol><li>Sullivan, J.E. and H.C. Farrar, <a href=\"http:\/\/pediatrics.aappublications.org\/cgi\/pmidlookup?view=long&amp;pmid=21357332\">Fever and antipyretic use in children<\/a>. Pediatrics, 2011. 127(3): p. 580-7.<\/li><li>Mackowiak PA, Boulant JA. <a href=\"https:\/\/academic.oup.com\/cid\/article\/22\/3\/525\/278824\">Fever\u2019s glass ceiling.<\/a> Clin Infect Dis. M\u00e4rz 1996;22(3):525\u201336.<\/li><li>Richardson, M. and E. Purssell, <a href=\"http:\/\/adc.bmj.com\/cgi\/pmidlookup?view=long&amp;pmid=25977564\">Who\u2019s afraid of fever?<\/a> Archives of Disease in Childhood, 2015. 100(9): p. 818-820.<\/li><li>Elemraid, M.A., et al., <a href=\"https:\/\/onlinelibrary.wiley.com\/doi\/full\/10.1002\/ppul.23041\">Risk factors for the development of pleural empyema in children.<\/a> Pediatr Pulmonol, 2015. 50(7): p. 721-6.<\/li><li>El-Radhi, A.S., <a href=\"https:\/\/adc.bmj.com\/content\/93\/11\/918.long\">Why is the evidence not affecting the practice of fever management? <\/a>Arch Dis Child, 2008. 93(11): p. 918-20.<\/li><li>Martin, D.D., Fever: <a href=\"https:\/\/www.hindawi.com\/journals\/ecam\/2016\/3642659\/abs\/\">Views in Anthroposophic Medicine and Their Scientific Validity. <\/a>Evidence-Based Complementary and Alternative Medicine, 2016. 2016: p. 13.<\/li><li>Small, P.M., et al., <a href=\"https:\/\/iai.asm.org\/content\/52\/2\/484.long\">Influence of body temperature on bacterial growth rates in experimental pneumococcal meningitis in rabbits. <\/a>Infect Immun, 1986. 52(2): p. 484-7.<\/li><li>El-Radhi, A.S. and S. Banajeh, <a href=\"https:\/\/www.ncbi.nlm.nih.gov\/pmc\/articles\/PMC1792582\/\">Effect of fever on recurrence rate of febrile convulsions. <\/a>Arch Dis Child, 1989. 64(6): p. 869-70.<\/li><li>El-Radhi, A.S. and W. Barry, <a href=\"https:\/\/adc.bmj.com\/content\/88\/7\/641\">Do antipyretics prevent febrile convulsions?<\/a> Archives of Disease in Childhood, 2003. 88(7): p. 641-642.<\/li><li>Strengell, T., et al., <a href=\"https:\/\/jamanetwork.com\/journals\/jamapediatrics\/fullarticle\/382103\">Antipyretic agents for preventing recurrences of febrile seizures: randomized controlled trial.<\/a> Arch Pediatr Adolesc Med, 2009. 163(9): p. 799-804.<\/li><li>Ostberg, J.R. and E.A. Repasky, <a href=\"https:\/\/link.springer.com\/article\/10.1007%2Fs00262-005-0689-y\">Emerging evidence indicates that physiologically relevant thermal stress regulates dendritic cell function.<\/a> Cancer Immunol Immunother, 2006. 55(3): p. 292-8.<\/li><li>Hanson, D.F., <a href=\"https:\/\/onlinelibrary.wiley.com\/resolve\/openurl?genre=article&amp;sid=nlm:pubmed&amp;issn=0077-8923&amp;date=1997&amp;volume=813&amp;spage=453\">Fever, temperature, and the immune response.<\/a> Ann N Y Acad Sci, 1997. 813: p. 453-64.<\/li><li>Blatteis, C.M., <a href=\"https:\/\/www.sciencedirect.com\/science\/article\/pii\/S0163725805002743?via%3Dihub\">Endotoxic fever: new concepts of its regulation suggest new approaches to its management.<\/a> Pharmacol Ther, 2006. 111(1): p. 194-223.<\/li><li>Hajdu, S., et al., <a href=\"https:\/\/www.ncbi.nlm.nih.gov\/pmc\/articles\/PMC2944596\/\">Increased temperature enhances the antimicrobial effects of daptomycin, vancomycin, tigecycline, fosfomycin, and cefamandole on staphylococcal biofilms.<\/a> Antimicrob Agents Chemother, 2010. 54(10): p. 4078-84.<\/li><li>Gl\u00f6ckler, M., W. Goebel, and K. Michael, <a href=\"https:\/\/www.urachhaus.de\/Kompetenz-in-Sinnfragen\/Sprechstunden\/Kindersprechstunde.html\">Kindersprechstunde. Ein medizinisch-p\u00e4dagogischer Ratgeber. <\/a>2018: Verlag Urachhaus.<\/li><li>Gl\u00f6ckler, M. and W. Goebel, A Guide to Child Health. <a href=\"https:\/\/www.florisbooks.co.uk\/book\/Michaela-Gl%26ouml%3Bckler\/Guide+to+Child+Health\/9780863159671\">A Holistic Approach to Raising Healthy Children.<\/a> 4th edition ed. 2013: Floris Books.<\/li><li>Kluger, M.J., et al., <a href=\"https:\/\/www.sciencedirect.com\/science\/article\/pii\/S0891552005702828?via%3Dihub\">The adaptive value of fever. <\/a>Infect Dis Clin North Am, 1996. 10(1): p. 1-20.<\/li><li>Hill, D., et al., <a href=\"https:\/\/pediatrics.aappublications.org\/content\/138\/5\/e20162591.long#sec-14\">Media and Young Minds.<\/a> Vol. 138. 2016.<\/li><li>Ulbricht, M., Antipyretische Wirkung eines k\u00f6rperwarmen Einlaufes. 1991, Inaugural-Dissertation: T\u00fcbingen.<\/li><li>Hamre, H.J., et al., <a href=\"https:\/\/www.ncbi.nlm.nih.gov\/pubmed\/15926617\">Anthroposophic vs. conventional therapy of acute respiratory and ear infections: a prospective outcomes study.<\/a> Wien Klin Wochenschr, 2005. 117(7-8): p. 256-68.<\/li><li>Jeschke, E., et al., <a href=\"https:\/\/www.karger.com\/Article\/Abstract\/104171\">Verordnungsverhalten anthroposophisch orientierter \u00c4rzte bei akuten Infektionen der oberen Atemwege.<\/a> Complementary Medicine Research, 2007. 14(4): p. 207-215.<\/li><li>Soldner, G. and H.M. Stellmann, <a href=\"http:\/\/www.wissenschaftliche-verlagsgesellschaft.de\/titel\/58349.html\">Individuelle P\u00e4diatrie. Leibliche, seelische und geistige Aspekte in Diagnostik und Beratung.<\/a> Anthroposophisch-hom\u00f6opathische Therapie. 2018: Wissenschaftliche Verlagsgesellschaft Stuttgart.<\/li><li>Soldner, G., H.M. Stellmann, and D. Martin, <a href=\"http:\/\/www.wissenschaftliche-verlagsgesellschaft.de\/titel\/60013.html\">Individual Paediatrics. Physical, emotional and spiritual aspects of diagnosis and counseling.<\/a> 2014: Wissenschaftliche Verlagsgesellschaft Stuttgart.<\/li><li>Girke, M., Innere Medizin. <a href=\"https:\/\/www.salumed-verlag.de\/gesamtverzeichnis\/reader\/product\/innere-medizin.html\">Grundlagen und therapeutische Konzepte der Anthroposophischen Medizin. <\/a>2012: Salumed Verlag.<\/li><li>Mackowiak, P.A., <a href=\"https:\/\/jamanetwork.com\/journals\/jamainternalmedicine\/fullarticle\/vol\/158\/pg\/1870\">Concepts of fever.<\/a> Arch Intern Med, 1998. 158(17): p. 1870-81.<\/li><li>Kluger, M.J., <a href=\"http:\/\/europepmc.org\/abstract\/med\/759235\">Phylogeny of fever<\/a>. Fed Proc, 1979. 38(1): p. 30-4.<\/li><li>Blatteis, C.M., <a href=\"https:\/\/www.ncbi.nlm.nih.gov\/pmc\/articles\/PMC2590125\/\">Fever: is it beneficial?<\/a> Yale J Biol Med, 1986. 59(2): p. 107-16.<\/li><li>Bernheim, H.A. and M.J. Kluger, <a href=\"https:\/\/science.sciencemag.org\/content\/193\/4249\/237.long\">Fever: effect of drug-induced antipyresis on survival. <\/a>Science, 1976. 193(4249): p. 237-9.<\/li><li>Eyers, S., et al., <a href=\"https:\/\/journals.sagepub.com\/doi\/full\/10.1258\/jrsm.2010.090441?url_ver=Z39.88-2003&amp;rfr_id=ori%3Arid%3Acrossref.org&amp;rfr_dat=cr_pub%3Dpubmed\">The effect on mortality of antipyretics in the treatment of influenza infection: systematic review and meta-analysis.<\/a> J R Soc Med, 2010. 103(10): p. 403-11.<\/li><li>Doran, T.F., et al., <a href=\"https:\/\/www.sciencedirect.com\/science\/article\/pii\/S0022347689804615?via%3Dihub\">Acetaminophen: more harm than good for chickenpox?<\/a> J Pediatr, 1989. 114(6): p. 1045-8.<\/li><li>Brandts, C.H., et al., <a href=\"https:\/\/www.sciencedirect.com\/science\/article\/pii\/S0140673697022551?via%3Dihub\">Effect of paracetamol on parasite clearance time in Plasmodium falciparum malaria.<\/a> Lancet, 1997. 350(9079): p. 704-9.<\/li><li>Schulman, C.I., et al., <a href=\"https:\/\/www.liebertpub.com\/doi\/abs\/10.1089\/sur.2005.6.369\">The effect of antipyretic therapy upon outcomes in critically ill patients: a randomized, prospective study.<\/a> Surg Infect (Larchmt), 2005. 6(4): p. 369-75.<\/li><li>Mackowiak, P.A., <a href=\"https:\/\/www.jstor.org\/stable\/4452580?seq=1#page_scan_tab_contents\">Direct effects of hyperthermia on pathogenic microorganisms: Teleologic implications with regard to fever.<\/a> Rev Infect Dis, 1981. 3(3): p. 508-20.<\/li><li>Mackowiak, P.A. and M. Marling-Cason, <a href=\"https:\/\/iai.asm.org\/content\/39\/1\/38.long\">Hyperthermic enhancement of serum antimicrobial activity: mechanism by which fever might exert a beneficial effect on the outcome of gram-negative sepsis.<\/a> Infect Immun, 1983. 39(1): p. 38-42.<\/li><li>Appenheimer, M.M., et al., <a href=\"https:\/\/www.ncbi.nlm.nih.gov\/pubmed\/16136783\">Impact of fever-range thermal stress on lymphocyte-endothelial adhesion and lymphocyte trafficking.<\/a> Immunol Invest, 2005. 34(3): p. 295-323.<\/li><li>Roberts, N.J., Jr., <a href=\"https:\/\/www.ncbi.nlm.nih.gov\/pmc\/articles\/PMC281473\/\">Temperature and host defense. <\/a>Microbiol Rev, 1979. 43(2): p. 241-59.<\/li><li>Plaisance, K.I., et al., <a href=\"https:\/\/accpjournals.onlinelibrary.wiley.com\/doi\/abs\/10.1592\/phco.20.19.1417.34865?sid=nlm%3Apubmed\">Effect of antipyretic therapy on the duration of illness in experimental influenza A, Shigella sonnei, and Rickettsia rickettsii infections. <\/a>Pharmacotherapy, 2000. 20(12): p. 1417-22.<\/li><li>Bryant, R.E., et al., <a href=\"https:\/\/jamanetwork.com\/journals\/jamainternalmedicine\/article-abstract\/577577\">Factors affecting mortality of gram-negative rod bacteremia. <\/a>Arch Intern Med, 1971. 127(1): p. 120-8.<\/li><li>Ahkee, S., L. Srinath, and J. Ramirez, <a href=\"https:\/\/www.ncbi.nlm.nih.gov\/pubmed\/9076300\">Community-acquired pneumonia in the elderly: association of mortality with lack of fever and leukocytosis.<\/a> South Med J, 1997. 90(3): p. 296-8.<\/li><li>Southey, E.R., K. Soares-Weiser, and J. Kleijnen, <a href=\"https:\/\/www.tandfonline.com\/doi\/full\/10.1185\/03007990903116255\">Systematic review and meta-analysis of the clinical safety and tolerability of ibuprofen compared with paracetamol in paediatric pain and fever.<\/a> Curr Med Res Opin, 2009. 25(9): p. 2207-22.<\/li><li>Souyri, C., et al., <a href=\"https:\/\/onlinelibrary.wiley.com\/doi\/full\/10.1111\/j.1365-2230.2007.02652.x\">Severe necrotizing soft-tissue infections and nonsteroidal anti-inflammatory drugs.<\/a> Clin Exp Dermatol, 2008. 33(3): p. 249-55.<\/li><li>Ford, L.M. and J. Waksman, <a href=\"https:\/\/pediatrics.aappublications.org\/content\/105\/6\/1372.long\">Necrotizing fasciitis during primary varicella.<\/a> Pediatrics, 2000. 105(6): p. 1372-3; author reply 1373-5.<\/li><li>Veenstra, R.P., et al., <a href=\"https:\/\/academic.oup.com\/jid\/article\/155\/1\/143\/871811\">Fulminant necrotizing fasciitis and nonsteroidal anti-inflammatory drugs.<\/a> Intensive Care Med, 2001. 27(11): p. 1831.<\/li><li>Hidalgo-Carballal, A. and M.P. Suarez-Mier, <a href=\"https:\/\/insights.ovid.com\/pubmed?pmid=16501360\">Sudden unexpected death in a child with varicella caused by necrotizing fasciitis and streptococcal toxic shock syndrome.<\/a> Am J Forensic Med Pathol, 2006. 27(1): p. 93-6.<\/li><li>Weng, T.C., et al.,<a href=\"https:\/\/www.sciencedirect.com\/science\/article\/pii\/S1684118211001332?via%3Dihub\"> Ibuprofen worsens Streptococcus pyogenes soft tissue infections in mice.<\/a> J Microbiol Immunol Infect, 2011. 44(6): p. 418-23.<\/li><li>Byington, C.L., et al., <a href=\"https:\/\/academic.oup.com\/cid\/article\/34\/4\/434\/409941\">An epidemiological investigation of a sustained high rate of pediatric parapneumonic empyema: risk factors and microbiological associations.<\/a> Clin Infect Dis, 2002. 34(4): p. 434-40.<\/li><li>Francois, P., et al., <a href=\"https:\/\/onlinelibrary.wiley.com\/doi\/full\/10.1111\/j.1651-2227.2010.01734.x\">Prevalence and risk factors of suppurative complications in children with pneumonia.<\/a> Acta Paediatr, 2010. 99(6): p. 861-6.<\/li><li>Le Bourgeois, M., et al., <a href=\"https:\/\/www.sciencedirect.com\/science\/article\/pii\/S0022347616302335?via%3Dihub\">Nonsteroidal Anti-Inflammatory Drug without Antibiotics for Acute Viral Infection Increases the Empyema Risk in Children: A Matched Case-Control Study.<\/a> J Pediatr, 2016. 175: p. 47-53.e3.<\/li><li>Voiriot, G., et al., <a href=\"https:\/\/www.sciencedirect.com\/science\/article\/pii\/S0012369211600809?via%3Dihub\">Nonsteroidal antiinflammatory drugs may affect the presentation and course of community-acquired pneumonia.<\/a> Chest, 2011. 139(2): p. 387-394.<\/li><li>Mikaeloff, Y., A. Kezouh, and S. Suissa, <a href=\"https:\/\/bpspubs.onlinelibrary.wiley.com\/doi\/full\/10.1111\/j.1365-2125.2007.02997.x\">Nonsteroidal anti-inflammatory drug use and the risk of severe skin and soft tissue complications in patients with varicella or zoster disease. <\/a>Br J Clin Pharmacol, 2008. 65(2): p. 203-9.<\/li><li>Beasley, R., et al., <a href=\"https:\/\/www.sciencedirect.com\/science\/article\/pii\/S0140673608614452?via%3Dihub\">Association between paracetamol use in infancy and childhood, and risk of asthma, rhinoconjunctivitis, and eczema in children aged 6-7 years: analysis from Phase Three of the ISAAC programme.<\/a> Lancet, 2008. 372(9643): p. 1039-48.<\/li><li>Etminan, M., et al., <a href=\"https:\/\/www.sciencedirect.com\/science\/article\/pii\/S0012369209606887?via%3Dihub\">Acetaminophen use and the risk of asthma in children and adults: a systematic review and metaanalysis.<\/a> Chest, 2009. 136(5): p. 1316-1323.<\/li><li>Perzanowski, M.S., et al., <a href=\"https:\/\/thorax.bmj.com\/content\/65\/2\/118.long\">Prenatal acetaminophen exposure and risk of wheeze at age 5 years in an urban low-income cohort.<\/a> Thorax, 2010. 65(2): p. 118-23.<\/li><li>Kanabar, D., S. Dale, and M. Rawat,<a href=\"https:\/\/www.sciencedirect.com\/science\/article\/abs\/pii\/S0149291807004092?via%3Dihub\"> A review of ibuprofen and acetaminophen use in febrile children and the occurrence of asthma-related symptoms.<\/a> Clin Ther, 2007. 29(12): p. 2716-23.<\/li><li>Ludvigsson, J.F. and F.T.A.S. GROUP, <a href=\"https:\/\/onlinelibrary.wiley.com\/doi\/full\/10.1111\/j.1651-2227.2006.tb02286.x\">Epidemiological study of constipation and other gastrointestinal symptoms in 8000 children.<\/a> Acta Paediatrica, 2006. 95(5): p. 573-580.<\/li><li>Lesko, S.M. and A.A. Mitchell, <a href=\"https:\/\/jamanetwork.com\/journals\/jama\/article-abstract\/387617\">An assessment of the safety of pediatric ibuprofen. A practitioner-based randomized clinical trial. <\/a>Jama, 1995. 273(12): p. 929-33.<\/li><li>Nourjah, P., et al., <a href=\"https:\/\/onlinelibrary.wiley.com\/doi\/abs\/10.1002\/pds.1191\">Estimates of acetaminophen (Paracetomal)-associated overdoses in the United States.<\/a> Pharmacoepidemiol Drug Saf, 2006. 15(6): p. 398-405.<\/li><li>Liew, W.K., et al., <a href=\"https:\/\/www.researchgate.net\/publication\/6073037_Severe_Anaphylactic_Reaction_to_Ibuprofen_in_a_Child_With_Recurrent_Urticaria\">Severe Anaphylactic Reaction to Ibuprofen in a Child With Recurrent Urticaria.<\/a> Vol. 120. 2007. e742-4.<\/li><li>Bachmeyer, C., et al., <a href=\"https:\/\/www.ncbi.nlm.nih.gov\/pubmed\/12144085\">Acetaminophen (paracetamol)-induced anaphylactic shock.<\/a> South Med J, 2002. 95(7): p. 759-60.<\/li><li>Jain, S.S., S. Green, and M. Rose, <a href=\"https:\/\/aaic.net.au\/document\/?D=20150292\">Anaphylaxis following intravenous paracetamol: the problem is the solution.<\/a> Anaesth Intensive Care, 2015. 43(6): p. 779-81.<\/li><li>Graham, N.M., et al., <a href=\"https:\/\/academic.oup.com\/jid\/article\/162\/6\/1277\/918184\">Adverse effects of aspirin, acetaminophen, and ibuprofen on immune function, viral shedding, and clinical status in rhinovirus-infected volunteers.<\/a> J Infect Dis, 1990. 162(6): p. 1277-82.<\/li><li>Husseini, R.H., et al., <a href=\"https:\/\/academic.oup.com\/jid\/article\/145\/4\/520\/862127\">Elevation of nasal viral levels by suppression of fever in ferrets infected with influenza viruses of differing virulence.<\/a> J Infect Dis, 1982. 145(4): p. 520-4.<\/li><li>Earn, D.J., P.W. Andrews, and B.M. Bolker, <a href=\"https:\/\/royalsocietypublishing.org\/doi\/full\/10.1098\/rspb.2013.2570?url_ver=Z39.88-2003&amp;rfr_id=ori%3Arid%3Acrossref.org&amp;rfr_dat=cr_pub%3Dpubmed&amp;\">Population-level effects of suppressing fever. <\/a>Proc Biol Sci, 2014. 281(1778): p. 20132570.<\/li><li>Evans, S.S., E.A. Repasky, and D.T. Fisher, <a href=\"https:\/\/www.nature.com\/articles\/nri3843\">Fever and the thermal regulation of immunity: the immune system feels the heat. <\/a>Nat Rev Immunol, 2015. 15(6): p. 335-49.<\/li><\/ol>\t\t\t\t\t\t\t\t<\/div>\n\t\t\t\t<\/div>\n\t\t\t\t<div class=\"elementor-element elementor-element-f420e20 elementor-widget elementor-widget-spacer\" data-id=\"f420e20\" data-element_type=\"widget\" data-widget_type=\"spacer.default\">\n\t\t\t\t<div class=\"elementor-widget-container\">\n\t\t\t\t\t\t\t<div class=\"elementor-spacer\">\n\t\t\t<div class=\"elementor-spacer-inner\"><\/div>\n\t\t<\/div>\n\t\t\t\t\t\t<\/div>\n\t\t\t\t<\/div>\n\t\t\t\t\t<\/div>\n\t\t<\/div>\n\t\t\t\t\t<\/div>\n\t\t<\/section>\n\t\t\t\t<\/div>\n\t\t","protected":false},"excerpt":{"rendered":"<p>Auf dieser Seite finden Sie relevante wissenschaftliche Literatur zum Thema Fieber &#8211; meistens direkt verlinkt auf die Originalpublikationen. In diesem Artikel fragt sich die Autorin, warum so viele Menschen immer noch Angst vor Fieber haben:\u00a0Fever phobia 35 years later: did we fail? Diese Reviews\/Guidelines aus\u00a0England\u00a0\u00a0und\u00a0USA\u00a0besagen unter anderem, dass es keine H\u00f6chsttemperaturen gibt, ab der man [&hellip;]<\/p>\n","protected":false},"author":1,"featured_media":0,"parent":0,"menu_order":0,"comment_status":"closed","ping_status":"closed","template":"","meta":{"ocean_post_layout":"","ocean_both_sidebars_style":"","ocean_both_sidebars_content_width":0,"ocean_both_sidebars_sidebars_width":0,"ocean_sidebar":"0","ocean_second_sidebar":"0","ocean_disable_margins":"enable","ocean_add_body_class":"","ocean_shortcode_before_top_bar":"","ocean_shortcode_after_top_bar":"","ocean_shortcode_before_header":"","ocean_shortcode_after_header":"","ocean_has_shortcode":"","ocean_shortcode_after_title":"","ocean_shortcode_before_footer_widgets":"","ocean_shortcode_after_footer_widgets":"","ocean_shortcode_before_footer_bottom":"","ocean_shortcode_after_footer_bottom":"","ocean_display_top_bar":"default","ocean_display_header":"default","ocean_header_style":"","ocean_center_header_left_menu":"0","ocean_custom_header_template":"0","ocean_custom_logo":0,"ocean_custom_retina_logo":0,"ocean_custom_logo_max_width":0,"ocean_custom_logo_tablet_max_width":0,"ocean_custom_logo_mobile_max_width":0,"ocean_custom_logo_max_height":0,"ocean_custom_logo_tablet_max_height":0,"ocean_custom_logo_mobile_max_height":0,"ocean_header_custom_menu":"0","ocean_menu_typo_font_family":"0","ocean_menu_typo_font_subset":"","ocean_menu_typo_font_size":0,"ocean_menu_typo_font_size_tablet":0,"ocean_menu_typo_font_size_mobile":0,"ocean_menu_typo_font_size_unit":"px","ocean_menu_typo_font_weight":"","ocean_menu_typo_font_weight_tablet":"","ocean_menu_typo_font_weight_mobile":"","ocean_menu_typo_transform":"","ocean_menu_typo_transform_tablet":"","ocean_menu_typo_transform_mobile":"","ocean_menu_typo_line_height":0,"ocean_menu_typo_line_height_tablet":0,"ocean_menu_typo_line_height_mobile":0,"ocean_menu_typo_line_height_unit":"","ocean_menu_typo_spacing":0,"ocean_menu_typo_spacing_tablet":0,"ocean_menu_typo_spacing_mobile":0,"ocean_menu_typo_spacing_unit":"","ocean_menu_link_color":"","ocean_menu_link_color_hover":"","ocean_menu_link_color_active":"","ocean_menu_link_background":"","ocean_menu_link_hover_background":"","ocean_menu_link_active_background":"","ocean_menu_social_links_bg":"","ocean_menu_social_hover_links_bg":"","ocean_menu_social_links_color":"","ocean_menu_social_hover_links_color":"","ocean_disable_title":"on","ocean_disable_heading":"default","ocean_post_title":"","ocean_post_subheading":"","ocean_post_title_style":"","ocean_post_title_background_color":"","ocean_post_title_background":0,"ocean_post_title_bg_image_position":"","ocean_post_title_bg_image_attachment":"","ocean_post_title_bg_image_repeat":"","ocean_post_title_bg_image_size":"","ocean_post_title_height":0,"ocean_post_title_bg_overlay":0.5,"ocean_post_title_bg_overlay_color":"","ocean_disable_breadcrumbs":"default","ocean_breadcrumbs_color":"","ocean_breadcrumbs_separator_color":"","ocean_breadcrumbs_links_color":"","ocean_breadcrumbs_links_hover_color":"","ocean_display_footer_widgets":"default","ocean_display_footer_bottom":"default","ocean_custom_footer_template":"0","footnotes":""},"class_list":["post-376","page","type-page","status-publish","hentry","entry"],"_links":{"self":[{"href":"https:\/\/warmuptofever.org\/index.php?rest_route=\/wp\/v2\/pages\/376","targetHints":{"allow":["GET"]}}],"collection":[{"href":"https:\/\/warmuptofever.org\/index.php?rest_route=\/wp\/v2\/pages"}],"about":[{"href":"https:\/\/warmuptofever.org\/index.php?rest_route=\/wp\/v2\/types\/page"}],"author":[{"embeddable":true,"href":"https:\/\/warmuptofever.org\/index.php?rest_route=\/wp\/v2\/users\/1"}],"replies":[{"embeddable":true,"href":"https:\/\/warmuptofever.org\/index.php?rest_route=%2Fwp%2Fv2%2Fcomments&post=376"}],"version-history":[{"count":10,"href":"https:\/\/warmuptofever.org\/index.php?rest_route=\/wp\/v2\/pages\/376\/revisions"}],"predecessor-version":[{"id":651,"href":"https:\/\/warmuptofever.org\/index.php?rest_route=\/wp\/v2\/pages\/376\/revisions\/651"}],"wp:attachment":[{"href":"https:\/\/warmuptofever.org\/index.php?rest_route=%2Fwp%2Fv2%2Fmedia&parent=376"}],"curies":[{"name":"wp","href":"https:\/\/api.w.org\/{rel}","templated":true}]}}